{"id":147,"date":"2026-03-02T19:43:17","date_gmt":"2026-03-02T19:43:17","guid":{"rendered":"http:\/\/www.classactions.ca?page_id=147"},"modified":"2026-03-02T19:43:25","modified_gmt":"2026-03-02T19:43:25","slug":"les-actions-collectives-deposees-par-notre-cabinet","status":"publish","type":"page","link":"https:\/\/www.classactions.ca","title":{"rendered":"LES ACTIONS COLLECTIVES D\u00c9POS\u00c9ES PAR NOTRE CABINET"},"content":{"rendered":"<p><strong>Woods s.e.n.c.r.l. est un cabinet d\u2019avocats qui poss\u00e8de une grande exp\u00e9rience en mati\u00e8re d\u2019action collective, ayant agi dans plusieurs dossiers de grande envergure et ce, tant en demande qu\u2019en d\u00e9fense. Ce fait particulier assure au cabinet une comp\u00e9tence approfondie de ce domaine de la pratique du droit.<\/strong><\/p>\n<h6>Publi\u00e9 le 11 juin 2021\u00a0par\u00a0<a href=\"https:\/\/www.classactions.ca\/?author=1\">classactions@woods.qc.ca<\/a><\/h6>\n<p><strong>\u00a0<\/strong>Woods s.e.n.c.r.l. agit actuellement en demande dans les actions collectives suivantes :<\/p>\n<ul>\n<li><a href=\"https:\/\/www.classactions.ca?p=17\"><u>Action collective contre les T\u00e9moins de J\u00e9hovah<\/u><\/a>;<\/li>\n<li><a href=\"https:\/\/www.classactions.ca?p=144\"><u>Action collective contre Uber Canada inc. et al.<\/u><\/a><\/li>\n<li><a href=\"https:\/\/www.classactions.ca\/?p=235\"><u>Action collective contre Intrawest ULC<\/u>;<\/a><\/li>\n<li><a href=\"https:\/\/www.classactions.ca?p=566\" data-wplink-url-error=\"true\"><u>Action collective contre Mazda Canada Inc<\/u><\/a><a href=\"https:\/\/www.classactions.ca?p=566\" data-wplink-url-error=\"true\">;<\/a><\/li>\n<li><a href=\"https:\/\/www.classactions.ca?p=962\" data-wplink-url-error=\"true\"><u>Action collective contre Mazda Canada Ontario<\/u>;<\/a><\/li>\n<li><a href=\"https:\/\/www.classactions.ca?p=898\" data-wplink-url-error=\"true\">R\u00e8glement de l\u2019action collective concernant l&rsquo;indexation des b\u00e9n\u00e9fices de retraite de Rio Tinto (R\u00e9gime interentreprise);<\/a><\/li>\n<\/ul>\n<p>Woods s.e.n.c.r.l. agit actuellement en d\u00e9fense dans l\u2019action collective suivante, dans laquelle un r\u00e8glement devra \u00eatre approuv\u00e9 par le tribunal :<\/p>\n<ul>\n<li><a href=\"https:\/\/www.classactions.ca?p=856\" data-wplink-url-error=\"true\"><u>Action collective contre Recy-B\u00e9ton et al.<\/u>;<\/a><\/li>\n<\/ul>\n\n\n<p>______________________________<\/p>\n\n\n\n<p><\/p>\n\n\n\n<div class=\"wp-block-buttons is-layout-flex wp-block-buttons-is-layout-flex\">\n<div class=\"wp-block-button has-custom-width wp-block-button__width-50 is-style-fill\"><a class=\"wp-block-button__link has-small-font-size has-custom-font-size wp-element-button\" style=\"border-radius:5px\">Politique de confidentialit\u00e9<\/a><\/div>\n<\/div>\n","protected":false},"excerpt":{"rendered":"<p>Woods s.e.n.c.r.l. est un cabinet d\u2019avocats qui poss\u00e8de une grande exp\u00e9rience en mati\u00e8re d\u2019action collective, ayant agi dans plusieurs dossiers de grande envergure et ce, tant en demande qu\u2019en d\u00e9fense. Ce fait particulier assure au cabinet une comp\u00e9tence approfondie de &hellip; <a href=\"https:\/\/www.classactions.ca\">Continuer la lecture <span class=\"meta-nav\">&rarr;<\/span><\/a><\/p>\n","protected":false},"author":1,"featured_media":0,"parent":0,"menu_order":0,"comment_status":"closed","ping_status":"closed","template":"","meta":{"footnotes":""},"class_list":["post-147","page","type-page","status-publish","hentry"],"_links":{"self":[{"href":"https:\/\/www.classactions.ca\/index.php?rest_route=\/wp\/v2\/pages\/147","targetHints":{"allow":["GET"]}}],"collection":[{"href":"https:\/\/www.classactions.ca\/index.php?rest_route=\/wp\/v2\/pages"}],"about":[{"href":"https:\/\/www.classactions.ca\/index.php?rest_route=\/wp\/v2\/types\/page"}],"author":[{"embeddable":true,"href":"https:\/\/www.classactions.ca\/index.php?rest_route=\/wp\/v2\/users\/1"}],"replies":[{"embeddable":true,"href":"https:\/\/www.classactions.ca\/index.php?rest_route=%2Fwp%2Fv2%2Fcomments&post=147"}],"version-history":[{"count":26,"href":"https:\/\/www.classactions.ca\/index.php?rest_route=\/wp\/v2\/pages\/147\/revisions"}],"predecessor-version":[{"id":964,"href":"https:\/\/www.classactions.ca\/index.php?rest_route=\/wp\/v2\/pages\/147\/revisions\/964"}],"wp:attachment":[{"href":"https:\/\/www.classactions.ca\/index.php?rest_route=%2Fwp%2Fv2%2Fmedia&parent=147"}],"curies":[{"name":"wp","href":"https:\/\/api.w.org\/{rel}","templated":true}]}}