{"id":164,"date":"2018-03-15T15:08:32","date_gmt":"2018-03-15T15:08:32","guid":{"rendered":"http:\/\/www.classactions.ca?page_id=164"},"modified":"2025-09-18T12:00:40","modified_gmt":"2025-09-18T12:00:40","slug":"formulaires-dinformation","status":"publish","type":"page","link":"https:\/\/www.classactions.ca?page_id=164","title":{"rendered":"Formulaires d&rsquo;information"},"content":{"rendered":"<p>Woods s.e.n.c.r.l. vous invite \u00e0 remplir le formulaire ci-dessous pour \u00eatre inclus \u00e0 notre banque interne des membres de cette action collective.<\/p>\n<p><strong>Veuillez noter<\/strong>\u00a0que si vous correspondez \u00e0 la d\u00e9finition d\u2019un des groupes de la Demande, vous ferez\u00a0<u>automatiquement partie<\/u>\u00a0de l\u2019action collective si elle est autoris\u00e9e par la Cour, sans qu\u2019il soit n\u00e9cessaire de vous inscrire.\u00a0Vous aurez la possibilit\u00e9 de vous exclure de l\u2019action collective suivant les conclusions du jugement d\u2019autorisation \u00e0 venir, le cas \u00e9ch\u00e9ant.<\/p>\n<p>Pour acc\u00e9der au formulaire Uber, veuillez <a href=\"https:\/\/www.classactions.ca?page_id=178\">cliquer ici.<\/a><\/p>\n<p>Pour acc\u00e9der au formulaire T\u00e9moins de J\u00e9hovah, veuillez <a href=\"https:\/\/www.classactions.ca?page_id=260\">cliquer ici<\/a>.<\/p>\n<p>Pour acc\u00e9der au formulaire Intrawest, veuillez <a href=\"https:\/\/www.classactions.ca?page_id=260\">cliquer ic<\/a>i.<\/p>\n<p>Pour acc\u00e9der au formulaire introductif Mazda, veuillez <a href=\"https:\/\/www.classactions.ca\/wp-content\/uploads\/2022\/07\/R-4 Annexe 3 - Formulaire pour demande de r\u00e9clamation FR (2021-06-01) (22-07-12).pdf\" data-wplink-url-error=\"true\">cliquer ic<\/a>i.<\/p>\n","protected":false},"excerpt":{"rendered":"<p>Woods s.e.n.c.r.l. vous invite \u00e0 remplir le formulaire ci-dessous pour \u00eatre inclus \u00e0 notre banque interne des membres de cette action collective. Veuillez noter\u00a0que si vous correspondez \u00e0 la d\u00e9finition d\u2019un des groupes de la Demande, vous ferez\u00a0automatiquement partie\u00a0de l\u2019action &hellip; <a href=\"https:\/\/www.classactions.ca?page_id=164\">Continuer la lecture <span class=\"meta-nav\">&rarr;<\/span><\/a><\/p>\n","protected":false},"author":1,"featured_media":0,"parent":0,"menu_order":0,"comment_status":"closed","ping_status":"closed","template":"","meta":{"footnotes":""},"class_list":["post-164","page","type-page","status-publish","hentry"],"_links":{"self":[{"href":"https:\/\/www.classactions.ca\/index.php?rest_route=\/wp\/v2\/pages\/164","targetHints":{"allow":["GET"]}}],"collection":[{"href":"https:\/\/www.classactions.ca\/index.php?rest_route=\/wp\/v2\/pages"}],"about":[{"href":"https:\/\/www.classactions.ca\/index.php?rest_route=\/wp\/v2\/types\/page"}],"author":[{"embeddable":true,"href":"https:\/\/www.classactions.ca\/index.php?rest_route=\/wp\/v2\/users\/1"}],"replies":[{"embeddable":true,"href":"https:\/\/www.classactions.ca\/index.php?rest_route=%2Fwp%2Fv2%2Fcomments&post=164"}],"version-history":[{"count":21,"href":"https:\/\/www.classactions.ca\/index.php?rest_route=\/wp\/v2\/pages\/164\/revisions"}],"predecessor-version":[{"id":945,"href":"https:\/\/www.classactions.ca\/index.php?rest_route=\/wp\/v2\/pages\/164\/revisions\/945"}],"wp:attachment":[{"href":"https:\/\/www.classactions.ca\/index.php?rest_route=%2Fwp%2Fv2%2Fmedia&parent=164"}],"curies":[{"name":"wp","href":"https:\/\/api.w.org\/{rel}","templated":true}]}}